{"id":189,"date":"2025-05-26T15:26:25","date_gmt":"2025-05-26T13:26:25","guid":{"rendered":"https:\/\/www.mediakg-ti.com\/blog\/?page_id=189"},"modified":"2025-05-26T15:26:25","modified_gmt":"2025-05-26T13:26:25","slug":"uebersicht","status":"publish","type":"page","link":"https:\/\/www.mediakg-ti.com\/blog\/uebersicht\/","title":{"rendered":"\u00dcbersicht"},"content":{"rendered":"<ul class=\"mkg-html-sitemap\"><li><a href=\"https:\/\/www.mediakg-ti.com\/blog\/anleitung-zum-spiegeln-im-bildbearbeitungsprogramm-fuer-anfaenger\/\">Anleitung zum Spiegeln im Bildbearbeitungsprogramm f\u00fcr Anf\u00e4nger<\/a><\/li><li><a href=\"https:\/\/www.mediakg-ti.com\/blog\/wie-teuer-sollten-hochwertige-werbegeschenke-sein\/\">Wie teuer sollten hochwertige Werbegeschenke sein?<\/a><\/li><li><a href=\"https:\/\/www.mediakg-ti.com\/blog\/guenstige-vibratoren-im-test\/\">G\u00fcnstige Vibratoren im Test<\/a><\/li><li><a href=\"https:\/\/www.mediakg-ti.com\/blog\/uebersicht\/\">\u00dcbersicht<\/a><\/li><li><a href=\"https:\/\/www.mediakg-ti.com\/blog\/kopfhautpflege-fuer-sichtbar-gepflegtes-aussehen\/\">Kopfhautpflege f\u00fcr sichtbar gepflegtes Aussehen<\/a><\/li><li><a href=\"https:\/\/www.mediakg-ti.com\/blog\/terrazzo\/\">Terrazzo mit Steinfragmenten bringt Retroflair in moderne Innenr\u00e4ume<\/a><\/li><li><a href=\"https:\/\/www.mediakg-ti.com\/blog\/die-beste-homepage-software-ein-ausfuehrlicher-vergleich-und-test\/\">Die beste Homepage Software &#8211; Ein ausf\u00fchrlicher Vergleich und Test<\/a><\/li><li><a href=\"https:\/\/www.mediakg-ti.com\/blog\/legal-und-kostenlos-filme-schauen-und-plattformen\/\">Legal und kostenlos Filme schauen und Plattformen<\/a><\/li><li><a href=\"https:\/\/www.mediakg-ti.com\/blog\/voraussetzungen-an-wordpress-ai-website-builder-fuer-optimale-textgenerierung\/\">Voraussetzungen an WordPress AI Website Builder f\u00fcr optimale Textgenerierung<\/a><\/li><li><a href=\"https:\/\/www.mediakg-ti.com\/blog\/tricks-zu-besitzer-einer-e-mail-adresse-herausfinden\/\">Tricks zu Besitzer einer E-Mail Adresse herausfinden<\/a><\/li><li><a href=\"https:\/\/www.mediakg-ti.com\/blog\/bildbearbeitungsprogramm-erstellung-des-kupferstich-effekts\/\">Bildbearbeitungsprogramm: Erstellung des Kupferstich-Effekts<\/a><\/li><li><a href=\"https:\/\/www.mediakg-ti.com\/blog\/website-mit-homepage-software-und-metadaten-optimierung\/\">Website mit Homepage Software und Metadaten-Optimierung<\/a><\/li><li><a href=\"https:\/\/www.mediakg-ti.com\/blog\/shopify-schneller-unkomplizierter-und-skalierbarer-einstieg-in-den-e-commerce\/\">Shopify: Schneller, unkomplizierter und skalierbarer Einstieg in den E-Commerce<\/a><\/li><li><a href=\"https:\/\/www.mediakg-ti.com\/blog\/wie-ich-den-schoensten-reisefuehrer-fuer-die-amalfikueste-gefunden-habe\/\">Wie ich den sch\u00f6nsten Reisef\u00fchrer f\u00fcr die Amalfik\u00fcste gefunden habe<\/a><\/li><li><a href=\"https:\/\/www.mediakg-ti.com\/blog\/mehrere-texte-schreiben-mit-chatgpt\/\">Mehrere Texte schreiben mit ChatGPT<\/a><\/li><li><a href=\"https:\/\/www.mediakg-ti.com\/blog\/tolle-reiseberichte-auf-unserem-portal-mit-reisen\/\">Tolle Reiseberichte auf unserem Portal mit Reisen<\/a><\/li><li><a href=\"https:\/\/www.mediakg-ti.com\/blog\/worauf-es-bei-einem-bildbearbeitungsprogramm-ankommt\/\">Worauf es bei einem Bildbearbeitungsprogramm ankommt<\/a><\/li><li><a href=\"https:\/\/www.mediakg-ti.com\/blog\/entdecken-sie-die-ultimative-homepage-software-fuer-beeindruckende-online-praesenzen\/\">Entdecken Sie die ultimative Homepage-Software f\u00fcr beeindruckende Online-Pr\u00e4senzen<\/a><\/li><li><a href=\"https:\/\/www.mediakg-ti.com\/blog\/faehigkeiten-und-eigenschaften-von-grafikern\/\">F\u00e4higkeiten und Eigenschaften von Grafikern<\/a><\/li><li><a href=\"https:\/\/www.mediakg-ti.com\/blog\/freizeitfotografie\/\">Freizeit=Fotografie<\/a><\/li><\/ul>\n","protected":false},"excerpt":{"rendered":"","protected":false},"author":1,"featured_media":0,"parent":0,"menu_order":0,"comment_status":"closed","ping_status":"closed","template":"","meta":{"site-sidebar-layout":"default","site-content-layout":"default","ast-global-header-display":"","ast-main-header-display":"","ast-hfb-above-header-display":"","ast-hfb-below-header-display":"","ast-hfb-mobile-header-display":"","site-post-title":"","ast-breadcrumbs-content":"","ast-featured-img":"","footer-sml-layout":"","theme-transparent-header-meta":"default","adv-header-id-meta":"","stick-header-meta":"","header-above-stick-meta":"","header-main-stick-meta":"","header-below-stick-meta":"","footnotes":""},"class_list":["post-189","page","type-page","status-publish","hentry"],"_links":{"self":[{"href":"https:\/\/www.mediakg-ti.com\/blog\/wp-json\/wp\/v2\/pages\/189","targetHints":{"allow":["GET"]}}],"collection":[{"href":"https:\/\/www.mediakg-ti.com\/blog\/wp-json\/wp\/v2\/pages"}],"about":[{"href":"https:\/\/www.mediakg-ti.com\/blog\/wp-json\/wp\/v2\/types\/page"}],"author":[{"embeddable":true,"href":"https:\/\/www.mediakg-ti.com\/blog\/wp-json\/wp\/v2\/users\/1"}],"replies":[{"embeddable":true,"href":"https:\/\/www.mediakg-ti.com\/blog\/wp-json\/wp\/v2\/comments?post=189"}],"version-history":[{"count":1,"href":"https:\/\/www.mediakg-ti.com\/blog\/wp-json\/wp\/v2\/pages\/189\/revisions"}],"predecessor-version":[{"id":190,"href":"https:\/\/www.mediakg-ti.com\/blog\/wp-json\/wp\/v2\/pages\/189\/revisions\/190"}],"wp:attachment":[{"href":"https:\/\/www.mediakg-ti.com\/blog\/wp-json\/wp\/v2\/media?parent=189"}],"curies":[{"name":"wp","href":"https:\/\/api.w.org\/{rel}","templated":true}]}}